{"id":7,"date":"2023-12-11T20:23:45","date_gmt":"2023-12-11T20:23:45","guid":{"rendered":"http:\/\/discovertheorigin.eco-kakao.com.ec\/?page_id=7"},"modified":"2023-12-13T15:25:10","modified_gmt":"2023-12-13T15:25:10","slug":"discover-the-origin","status":"publish","type":"page","link":"https:\/\/discovertheorigin.eco-kakao.com.ec\/en\/","title":{"rendered":"Discover the Origin"},"content":{"rendered":"<div data-elementor-type=\"wp-page\" data-elementor-id=\"7\" class=\"elementor elementor-7\">\n\t\t\t\t<div class=\"elementor-element elementor-element-bdd3b31 e-con-full e-flex e-con e-parent\" data-id=\"bdd3b31\" data-element_type=\"container\" data-e-type=\"container\" data-settings=\"{&quot;background_background&quot;:&quot;classic&quot;}\">\n\t\t<div class=\"elementor-element elementor-element-f6920d8 e-con-full e-flex e-con e-child\" data-id=\"f6920d8\" data-element_type=\"container\" data-e-type=\"container\">\n\t\t\t\t<div class=\"elementor-element elementor-element-9729848 elementor-hidden-mobile elementor-widget elementor-widget-image\" data-id=\"9729848\" data-element_type=\"widget\" data-e-type=\"widget\" data-widget_type=\"image.default\">\n\t\t\t\t<div class=\"elementor-widget-container\">\n\t\t\t\t\t\t\t\t\t\t\t\t\t\t\t<img decoding=\"async\" src=\"http:\/\/discovertheorigin.eco-kakao.com.ec\/wp-content\/uploads\/elementor\/thumbs\/foto-1-qgodmrvotlvczw6zcs47st3blb9h8pklsfvpzgfops.png\" title=\"foto-1\" alt=\"foto-1\" loading=\"lazy\" \/>\t\t\t\t\t\t\t\t\t\t\t\t\t\t\t<\/div>\n\t\t\t\t<\/div>\n\t\t\t\t<\/div>\n\t\t<div class=\"elementor-element elementor-element-e3dd955 e-con-full e-flex e-con e-child\" data-id=\"e3dd955\" data-element_type=\"container\" data-e-type=\"container\">\n\t\t\t\t<div class=\"elementor-element elementor-element-38d0040 elementor-widget elementor-widget-image\" data-id=\"38d0040\" data-element_type=\"widget\" data-e-type=\"widget\" data-widget_type=\"image.default\">\n\t\t\t\t<div class=\"elementor-widget-container\">\n\t\t\t\t\t\t\t\t\t\t\t\t\t\t\t<img decoding=\"async\" width=\"171\" height=\"290\" src=\"http:\/\/discovertheorigin.eco-kakao.com.ec\/wp-content\/uploads\/2023\/12\/logo-1.png\" class=\"attachment-large size-large wp-image-16\" alt=\"\" \/>\t\t\t\t\t\t\t\t\t\t\t\t\t\t\t<\/div>\n\t\t\t\t<\/div>\n\t\t\t\t<div class=\"elementor-element elementor-element-d677c13 elementor-widget__width-initial elementor-widget elementor-widget-text-editor\" data-id=\"d677c13\" data-element_type=\"widget\" data-e-type=\"widget\" data-widget_type=\"text-editor.default\">\n\t\t\t\t<div class=\"elementor-widget-container\">\n\t\t\t\t\t\t\t\t\t<p>We are proud to bring, alongside you, the finest Ecuadorian Fine Aroma Cacao from its land of origin to every corner of the world.<\/p>\t\t\t\t\t\t\t\t<\/div>\n\t\t\t\t<\/div>\n\t\t\t\t<\/div>\n\t\t<div class=\"elementor-element elementor-element-edfe71f e-con-full e-flex e-con e-child\" data-id=\"edfe71f\" data-element_type=\"container\" data-e-type=\"container\">\n\t\t\t\t<div class=\"elementor-element elementor-element-2e2bc6b elementor-hidden-mobile elementor-widget elementor-widget-image\" data-id=\"2e2bc6b\" data-element_type=\"widget\" data-e-type=\"widget\" data-widget_type=\"image.default\">\n\t\t\t\t<div class=\"elementor-widget-container\">\n\t\t\t\t\t\t\t\t\t\t\t\t\t\t\t<img decoding=\"async\" src=\"http:\/\/discovertheorigin.eco-kakao.com.ec\/wp-content\/uploads\/elementor\/thumbs\/foto-2-qgoe88j0j57jsyouokn7y5ragvlv4lot27yctiubgs.png\" title=\"foto-2\" alt=\"foto-2\" loading=\"lazy\" \/>\t\t\t\t\t\t\t\t\t\t\t\t\t\t\t<\/div>\n\t\t\t\t<\/div>\n\t\t\t\t<\/div>\n\t\t\t\t<\/div>\n\t\t<div class=\"elementor-element elementor-element-1488a70 e-con-full e-flex e-con e-parent\" data-id=\"1488a70\" data-element_type=\"container\" data-e-type=\"container\" data-settings=\"{&quot;background_background&quot;:&quot;classic&quot;}\">\n\t\t\t\t<div class=\"elementor-element elementor-element-5136c7a elementor-widget elementor-widget-heading\" data-id=\"5136c7a\" data-element_type=\"widget\" data-e-type=\"widget\" data-widget_type=\"heading.default\">\n\t\t\t\t<div class=\"elementor-widget-container\">\n\t\t\t\t\t<h2 class=\"elementor-heading-title elementor-size-default\">Discover <b>The Origin<\/b><\/h2>\t\t\t\t<\/div>\n\t\t\t\t<\/div>\n\t\t\t\t<div class=\"elementor-element elementor-element-ff03633 elementor-widget__width-initial elementor-widget-tablet__width-initial elementor-widget-mobile__width-initial elementor-widget elementor-widget-text-editor\" data-id=\"ff03633\" data-element_type=\"widget\" data-e-type=\"widget\" data-widget_type=\"text-editor.default\">\n\t\t\t\t<div class=\"elementor-widget-container\">\n\t\t\t\t\t\t\t\t\t<p>El descubrimiento de antiguos vestigios en Zamora-Chinchipe en el cant\u00f3n Palanda, Ecuador, transform\u00f3 la comprensi\u00f3n del origen del cacao fino de aroma. Estudios gen\u00e9ticos revelaron una diversidad \u00fanica de cacao en esta regi\u00f3n amaz\u00f3nica, desafiando la creencia previa de que el cacao fino de aroma proven\u00eda principalmente de otras \u00e1reas de Am\u00e9rica Central. Zamora-Chinchipe se reconoce ahora como un epicentro crucial de este cacao de prestigio mundial, con perfiles de sabor distintivos que van desde notas florales y frutales hasta toques de nueces y especias.<\/p><p>This discovery has underscored the historical and cultural importance of Ecuador in the history of fine aroma cacao, solidifying its position as a key producer in the high-quality chocolate industry.<\/p>\t\t\t\t\t\t\t\t<\/div>\n\t\t\t\t<\/div>\n\t\t\t\t<\/div>\n\t\t<div class=\"elementor-element elementor-element-7a57bd5 e-con-full e-flex e-con e-parent\" data-id=\"7a57bd5\" data-element_type=\"container\" data-e-type=\"container\" data-settings=\"{&quot;background_background&quot;:&quot;classic&quot;}\">\n\t\t<div class=\"elementor-element elementor-element-fc45b98 e-flex e-con-boxed e-con e-child\" data-id=\"fc45b98\" data-element_type=\"container\" data-e-type=\"container\">\n\t\t\t\t\t<div class=\"e-con-inner\">\n\t\t\t\t<div class=\"elementor-element elementor-element-27e1abc elementor-widget elementor-widget-video\" data-id=\"27e1abc\" data-element_type=\"widget\" data-e-type=\"widget\" data-settings=\"{&quot;youtube_url&quot;:&quot;https:\\\/\\\/youtu.be\\\/xlDzHof4CJo&quot;,&quot;video_type&quot;:&quot;youtube&quot;,&quot;controls&quot;:&quot;yes&quot;}\" data-widget_type=\"video.default\">\n\t\t\t\t<div class=\"elementor-widget-container\">\n\t\t\t\t\t\t\t<div class=\"elementor-wrapper elementor-open-inline\">\n\t\t\t<div class=\"elementor-video\"><\/div>\t\t<\/div>\n\t\t\t\t\t\t<\/div>\n\t\t\t\t<\/div>\n\t\t\t\t\t<\/div>\n\t\t\t\t<\/div>\n\t\t\t\t<\/div>\n\t\t<div class=\"elementor-element elementor-element-6b5c9d2 e-con-full e-flex e-con e-parent\" data-id=\"6b5c9d2\" data-element_type=\"container\" data-e-type=\"container\" data-settings=\"{&quot;background_background&quot;:&quot;classic&quot;}\">\n\t\t<div class=\"elementor-element elementor-element-b295b2e e-con-full e-flex e-con e-child\" data-id=\"b295b2e\" data-element_type=\"container\" data-e-type=\"container\">\n\t\t\t\t<div class=\"elementor-element elementor-element-7cda8bf elementor-position-left elementor-vertical-align-middle elementor-widget elementor-widget-image-box\" data-id=\"7cda8bf\" data-element_type=\"widget\" data-e-type=\"widget\" data-widget_type=\"image-box.default\">\n\t\t\t\t<div class=\"elementor-widget-container\">\n\t\t\t\t\t<div class=\"elementor-image-box-wrapper\"><figure class=\"elementor-image-box-img\"><img fetchpriority=\"high\" decoding=\"async\" width=\"926\" height=\"910\" src=\"http:\/\/discovertheorigin.eco-kakao.com.ec\/wp-content\/uploads\/2023\/12\/foto-8.webp\" class=\"attachment-full size-full wp-image-79\" alt=\"\" srcset=\"https:\/\/discovertheorigin.eco-kakao.com.ec\/wp-content\/uploads\/2023\/12\/foto-8.webp 926w, https:\/\/discovertheorigin.eco-kakao.com.ec\/wp-content\/uploads\/2023\/12\/foto-8-300x295.webp 300w, https:\/\/discovertheorigin.eco-kakao.com.ec\/wp-content\/uploads\/2023\/12\/foto-8-768x755.webp 768w\" sizes=\"(max-width: 926px) 100vw, 926px\" \/><\/figure><div class=\"elementor-image-box-content\"><h3 class=\"elementor-image-box-title\">This has been a year of new milestones, and we want to share them with you:<\/h3><\/div><\/div>\t\t\t\t<\/div>\n\t\t\t\t<\/div>\n\t\t\t\t<\/div>\n\t\t\t\t<\/div>\n\t\t<div class=\"elementor-element elementor-element-a017356 e-con-full e-flex e-con e-parent\" data-id=\"a017356\" data-element_type=\"container\" data-e-type=\"container\" data-settings=\"{&quot;background_background&quot;:&quot;classic&quot;}\">\n\t\t<div class=\"elementor-element elementor-element-fc7846b e-con-full e-flex e-con e-child\" data-id=\"fc7846b\" data-element_type=\"container\" data-e-type=\"container\">\n\t\t\t\t<div class=\"elementor-element elementor-element-ca8a651 elementor-widget__width-initial elementor-widget-tablet__width-initial elementor-widget elementor-widget-text-editor\" data-id=\"ca8a651\" data-element_type=\"widget\" data-e-type=\"widget\" data-widget_type=\"text-editor.default\">\n\t\t\t\t<div class=\"elementor-widget-container\">\n\t\t\t\t\t\t\t\t\t<p>30,000 MT&nbsp;<span style=\"font-size: var(--wp--preset--font-size--medium);\">of exported cacao<\/span><\/p>\t\t\t\t\t\t\t\t<\/div>\n\t\t\t\t<\/div>\n\t\t\t\t<\/div>\n\t\t<div class=\"elementor-element elementor-element-6d3ee86 e-con-full e-flex e-con e-child\" data-id=\"6d3ee86\" data-element_type=\"container\" data-e-type=\"container\">\n\t\t\t\t<div class=\"elementor-element elementor-element-1686438 elementor-widget__width-initial elementor-widget-tablet__width-initial elementor-widget elementor-widget-text-editor\" data-id=\"1686438\" data-element_type=\"widget\" data-e-type=\"widget\" data-widget_type=\"text-editor.default\">\n\t\t\t\t<div class=\"elementor-widget-container\">\n\t\t\t\t\t\t\t\t\t<p>4.500 Associated\u00a0<span style=\"font-size: var(--wp--preset--font-size--medium);\">producers<\/span><\/p>\t\t\t\t\t\t\t\t<\/div>\n\t\t\t\t<\/div>\n\t\t\t\t<\/div>\n\t\t<div class=\"elementor-element elementor-element-120bc30 e-con-full e-flex e-con e-child\" data-id=\"120bc30\" data-element_type=\"container\" data-e-type=\"container\">\n\t\t\t\t<div class=\"elementor-element elementor-element-eff84c4 elementor-widget__width-initial elementor-widget-tablet__width-initial elementor-widget elementor-widget-text-editor\" data-id=\"eff84c4\" data-element_type=\"widget\" data-e-type=\"widget\" data-widget_type=\"text-editor.default\">\n\t\t\t\t<div class=\"elementor-widget-container\">\n\t\t\t\t\t\t\t\t\t<p>Countries we've reached: Japan, Switzerland, Netherlands, EEUU, Australia, Indonesia<\/p>\t\t\t\t\t\t\t\t<\/div>\n\t\t\t\t<\/div>\n\t\t\t\t<\/div>\n\t\t<div class=\"elementor-element elementor-element-1fb082c e-con-full e-flex e-con e-child\" data-id=\"1fb082c\" data-element_type=\"container\" data-e-type=\"container\">\n\t\t\t\t<div class=\"elementor-element elementor-element-4721b33 elementor-widget__width-initial elementor-widget-tablet__width-initial elementor-widget elementor-widget-text-editor\" data-id=\"4721b33\" data-element_type=\"widget\" data-e-type=\"widget\" data-widget_type=\"text-editor.default\">\n\t\t\t\t<div class=\"elementor-widget-container\">\n\t\t\t\t\t\t\t\t\t<p>8 implemented\u00a0<span style=\"font-size: var(--wp--preset--font-size--medium);\">sustainability programs<\/span><\/p>\t\t\t\t\t\t\t\t<\/div>\n\t\t\t\t<\/div>\n\t\t\t\t<\/div>\n\t\t\t\t<\/div>\n\t\t<div class=\"elementor-element elementor-element-91a08ec e-con-full e-flex e-con e-parent\" data-id=\"91a08ec\" data-element_type=\"container\" data-e-type=\"container\" data-settings=\"{&quot;background_background&quot;:&quot;classic&quot;}\">\n\t\t\t\t<div class=\"elementor-element elementor-element-9610c22 elementor-widget__width-initial elementor-widget-tablet__width-initial elementor-widget elementor-widget-text-editor\" data-id=\"9610c22\" data-element_type=\"widget\" data-e-type=\"widget\" data-widget_type=\"text-editor.default\">\n\t\t\t\t<div class=\"elementor-widget-container\">\n\t\t\t\t\t\t\t\t\t<p>At Ecokakao, we prioritize fair treatment and sustainable for both our producers and the environment. That's why we've implemented our sustainable cacao farms certification program, which includes:<\/p>\t\t\t\t\t\t\t\t<\/div>\n\t\t\t\t<\/div>\n\t\t\t\t<div class=\"elementor-element elementor-element-1822db3 elementor-widget__width-initial elementor-widget-tablet__width-initial elementor-widget elementor-widget-text-editor\" data-id=\"1822db3\" data-element_type=\"widget\" data-e-type=\"widget\" data-widget_type=\"text-editor.default\">\n\t\t\t\t<div class=\"elementor-widget-container\">\n\t\t\t\t\t\t\t\t\t<ul><li>Field school<\/li><li>Establishment of apiaries<\/li><li>Pruning brigades<\/li><li>Delivery of agricultural supplies<\/li><li>Specialized technical training and support<\/li><li>Improvement of infrastructure in educational centers<\/li><li>Medical brigades<\/li><li>Economic recognition in the price of cacao quintal<\/li><li>Plant production nursery<\/li><\/ul>\t\t\t\t\t\t\t\t<\/div>\n\t\t\t\t<\/div>\n\t\t\t\t<\/div>\n\t\t<div class=\"elementor-element elementor-element-befb55e e-flex e-con-boxed e-con e-parent\" data-id=\"befb55e\" data-element_type=\"container\" data-e-type=\"container\" data-settings=\"{&quot;background_background&quot;:&quot;classic&quot;}\">\n\t\t\t\t\t<div class=\"e-con-inner\">\n\t\t\t\t<div class=\"elementor-element elementor-element-e77c3cb elementor-widget elementor-widget-image\" data-id=\"e77c3cb\" data-element_type=\"widget\" data-e-type=\"widget\" data-widget_type=\"image.default\">\n\t\t\t\t<div class=\"elementor-widget-container\">\n\t\t\t\t\t\t\t\t\t\t\t\t\t\t\t<img decoding=\"async\" src=\"http:\/\/discovertheorigin.eco-kakao.com.ec\/wp-content\/uploads\/elementor\/thumbs\/foto-5-qgog9rgm68r2jydnefyj2505tvya4g4ys5e2vjfdwc.png\" title=\"foto-5\" alt=\"foto-5\" loading=\"lazy\" \/>\t\t\t\t\t\t\t\t\t\t\t\t\t\t\t<\/div>\n\t\t\t\t<\/div>\n\t\t\t\t<div class=\"elementor-element elementor-element-92f5f49 elementor-widget__width-initial elementor-widget-mobile__width-initial elementor-widget elementor-widget-text-editor\" data-id=\"92f5f49\" data-element_type=\"widget\" data-e-type=\"widget\" data-widget_type=\"text-editor.default\">\n\t\t\t\t<div class=\"elementor-widget-container\">\n\t\t\t\t\t\t\t\t\t<p>Thanks to your trust and support, we can take Ecuador's Fine Aroma Cacao to the rest of the world!<\/p>\t\t\t\t\t\t\t\t<\/div>\n\t\t\t\t<\/div>\n\t\t\t\t\t<\/div>\n\t\t\t\t<\/div>\n\t\t<div class=\"elementor-element elementor-element-daf5c10 e-con-full e-flex e-con e-parent\" data-id=\"daf5c10\" data-element_type=\"container\" data-e-type=\"container\" data-settings=\"{&quot;background_background&quot;:&quot;classic&quot;}\">\n\t\t\t\t<div class=\"elementor-element elementor-element-70706f8 elementor-widget elementor-widget-heading\" data-id=\"70706f8\" data-element_type=\"widget\" data-e-type=\"widget\" data-widget_type=\"heading.default\">\n\t\t\t\t<div class=\"elementor-widget-container\">\n\t\t\t\t\t<h2 class=\"elementor-heading-title elementor-size-default\">The first, The Best.<\/h2>\t\t\t\t<\/div>\n\t\t\t\t<\/div>\n\t\t\t\t<div class=\"elementor-element elementor-element-542f83f elementor-widget__width-initial elementor-widget elementor-widget-text-editor\" data-id=\"542f83f\" data-element_type=\"widget\" data-e-type=\"widget\" data-widget_type=\"text-editor.default\">\n\t\t\t\t<div class=\"elementor-widget-container\">\n\t\t\t\t\t\t\t\t\t<p>Let's make 2024 a year of more challenges and achieved goals!<\/p>\t\t\t\t\t\t\t\t<\/div>\n\t\t\t\t<\/div>\n\t\t\t\t<div class=\"elementor-element elementor-element-9863018 elementor-widget elementor-widget-image\" data-id=\"9863018\" data-element_type=\"widget\" data-e-type=\"widget\" data-widget_type=\"image.default\">\n\t\t\t\t<div class=\"elementor-widget-container\">\n\t\t\t\t\t\t\t\t\t\t\t\t\t\t\t<img decoding=\"async\" src=\"http:\/\/discovertheorigin.eco-kakao.com.ec\/wp-content\/uploads\/2023\/12\/foto-7.png\" title=\"foto-7\" alt=\"foto-7\" loading=\"lazy\" \/>\t\t\t\t\t\t\t\t\t\t\t\t\t\t\t<\/div>\n\t\t\t\t<\/div>\n\t\t\t\t<\/div>\n\t\t\t\t<\/div>","protected":false},"excerpt":{"rendered":"<p>Estamos orgullosos de llevar junto a ti el mejor cacao fino de aroma ecuatoriano desde su tierra de origen a todos los rincones del mundo. Discover The Origin El descubrimiento de antiguos vestigios en Zamora-Chinchipe en el cant\u00f3n Palanda, Ecuador, transform\u00f3 la comprensi\u00f3n del origen del cacao fino de aroma. Estudios gen\u00e9ticos revelaron una diversidad [&hellip;]<\/p>\n","protected":false},"author":1,"featured_media":0,"parent":0,"menu_order":0,"comment_status":"closed","ping_status":"closed","template":"elementor_canvas","meta":{"footnotes":""},"class_list":["post-7","page","type-page","status-publish","hentry"],"_links":{"self":[{"href":"https:\/\/discovertheorigin.eco-kakao.com.ec\/en\/wp-json\/wp\/v2\/pages\/7","targetHints":{"allow":["GET"]}}],"collection":[{"href":"https:\/\/discovertheorigin.eco-kakao.com.ec\/en\/wp-json\/wp\/v2\/pages"}],"about":[{"href":"https:\/\/discovertheorigin.eco-kakao.com.ec\/en\/wp-json\/wp\/v2\/types\/page"}],"author":[{"embeddable":true,"href":"https:\/\/discovertheorigin.eco-kakao.com.ec\/en\/wp-json\/wp\/v2\/users\/1"}],"replies":[{"embeddable":true,"href":"https:\/\/discovertheorigin.eco-kakao.com.ec\/en\/wp-json\/wp\/v2\/comments?post=7"}],"version-history":[{"count":148,"href":"https:\/\/discovertheorigin.eco-kakao.com.ec\/en\/wp-json\/wp\/v2\/pages\/7\/revisions"}],"predecessor-version":[{"id":188,"href":"https:\/\/discovertheorigin.eco-kakao.com.ec\/en\/wp-json\/wp\/v2\/pages\/7\/revisions\/188"}],"wp:attachment":[{"href":"https:\/\/discovertheorigin.eco-kakao.com.ec\/en\/wp-json\/wp\/v2\/media?parent=7"}],"curies":[{"name":"wp","href":"https:\/\/api.w.org\/{rel}","templated":true}]}}